{"id":221,"date":"2021-06-06T17:44:23","date_gmt":"2021-06-06T16:44:23","guid":{"rendered":"https:\/\/vital-training-maske.de\/?page_id=221"},"modified":"2021-06-06T17:53:20","modified_gmt":"2021-06-06T16:53:20","slug":"impressum","status":"publish","type":"page","link":"https:\/\/vital-training-maske.de\/index.php\/impressum\/","title":{"rendered":"Impressum"},"content":{"rendered":"<p>[et_pb_section fb_built=&#8220;1&#8243; _builder_version=&#8220;4.9.4&#8243; _module_preset=&#8220;default&#8220;][et_pb_row _builder_version=&#8220;4.9.4&#8243; _module_preset=&#8220;default&#8220;][et_pb_column type=&#8220;4_4&#8243; _builder_version=&#8220;4.9.4&#8243; _module_preset=&#8220;default&#8220;][et_pb_text _builder_version=&#8220;4.9.4&#8243; _module_preset=&#8220;default&#8220; hover_enabled=&#8220;0&#8243; header_text_color=&#8220;#89B31C&#8220; sticky_enabled=&#8220;0&#8243;]<\/p>\n<h1 style=\"text-align: center;\">Impressum<\/h1>\n<div class=\"et_pb_row et_pb_row_19\">\n<div class=\"et_pb_column et_pb_column_1_2 et_pb_column_35  et_pb_css_mix_blend_mode_passthrough\">\n<div class=\"et_pb_module et_pb_text et_pb_text_19  et_pb_text_align_left et_pb_bg_layout_light\">\n<div class=\"et_pb_text_inner\">\n<h4><strong>Anschrift<\/strong><\/h4>\n<p>Vital-Training Maske<br \/>G\u00f6ltzschtalstra\u00dfe 22<br \/>08209 Auerbach\/Vogtland<\/p>\n<p>Telefon:<span>\u00a0<\/span><span>+49 3744 211830<\/span><br \/>E-Mail:<span>\u00a0<\/span><a href=\"mailto:info@vital-training-maske.de\">info@vital-training-maske.de<\/a><\/p>\n<p>Inhaltlich Verantwortlicher (gem\u00e4\u00df \u00a7 6 MDStV):<br \/>Daniel Maske<\/p>\n<p>Vertretungsberechtigter Gesch\u00e4ftsf\u00fchrer:<br \/>Daniel Maske<\/p>\n<\/div>\n<\/div>\n<\/div>\n<div class=\"et_pb_column et_pb_column_1_2 et_pb_column_36  et_pb_css_mix_blend_mode_passthrough et-last-child\">\n<div class=\"et_pb_module et_pb_text et_pb_text_20  et_pb_text_align_left et_pb_bg_layout_light\">\n<div class=\"et_pb_text_inner\">\n<p>Umsatzsteuer-Identifikationsnummer gem\u00e4\u00df \u00a727 a<br \/>Umsatzsteuergesetz: 322\/324\/09294<\/p>\n<p>Angaben zur Berufshaftpflichtversicherung: Beantragt<br \/>Geltungsraum der Versicherung: Deutschland<br \/>Aufsichtsbeh\u00f6rde:<\/p>\n<p>Berufsrechtliche Regelungen:<br \/>www.bundesrecht.juris.de\/mphg\/BJNR108400994.html<br \/>(Gesetz \u00fcber die Berufe in der Physiotherapie) und<br \/>www.bundesrecht.juris.de\/bundesrecht\/heilmwerbg\/gesamt.pdf<br \/>(Heilmittelwerbegesetz)<\/p>\n<\/div>\n<\/div>\n<\/div>\n<\/div>\n<div class=\"et_pb_row et_pb_row_20\">\n<div class=\"et_pb_column et_pb_column_4_4 et_pb_column_37  et_pb_css_mix_blend_mode_passthrough et-last-child\">\n<div class=\"et_pb_module et_pb_text et_pb_text_21  et_pb_text_align_left et_pb_bg_layout_light\">\n<div class=\"et_pb_text_inner\">\n<p>Rechtlicher Hinweis:<\/p>\n<p>Inhalt und Struktur dieser Internet-Seite sind urheberrechtlich gesch\u00fctzt. Die Vervielf\u00e4ltigung, Verbreitung, Ver\u00f6ffentlichung, Ver\u00e4nderung, Bereitstellung f\u00fcr Dritte oder Bearbeitung s\u00e4mtlicher Inhalte und Strukturelemente, insbesondere Texte, Textteile, Bildmaterial, Grafiken, Programme und Designelemente, bedarf der ausdr\u00fccklichen vorherigen schriftlichen Zustimmung von der Physiotherapie Uelsen und soweit die Inhalte und Strukturelemente nach deutschem Recht, insbesondere deutschem Urheberrecht, schutzf\u00e4hig sind. Insbesondere bedarf die \u00dcbernahme auf andere Internet-Seiten der vorgenannten Zustimmung. Ohne Zustimmung ist lediglich die private, nicht kommerzielle Nutzung der Inhalte und Strukturelemente ohne deren Bearbeitung an jeweils einem Arbeitsplatz zul\u00e4ssig.<\/p>\n<p>Haftungshinweis:<\/p>\n<p>Wir \u00fcberpr\u00fcf\u00e9n und aktualisieren die Inhalte auf dieser Internet-Seite regelm\u00e4\u00dfig. Trotz aller Sorgfalt k\u00f6nnen sich zwischenzeitlich \u00c4nderungen ergeben. Wir \u00fcbernehmen keine Gew\u00e4hr daf\u00fcr, dass alle Angaben zu jeder Zeit vollst\u00e4ndig, richtig und aktuell dargestellt sind. Dies gilt insbesondere f\u00fcr alle Verbindungen (\u201eLinks\u201c) zu anderen Internet-Seiten, auf die direkt oder indirekt verwiesen wird. Alle Angaben k\u00f6nnen ohne vorherige Ank\u00fcndigung ge\u00e4ndert, entfernt oder erg\u00e4nzt werden. Wir sind f\u00fcr die Inhalte anderer Internet-Seiten, die der Nutzer durch Aktivierung eines Links erreicht, nicht verantwortlich.<\/p>\n<p>Alle Rechte vorbehalten. Stand M\u00e4rz 2015. Alle Angaben ohne Gew\u00e4hr.<\/p>\n<p>Bilder: \u00a9shutterstock.com<\/p>\n<\/div>\n<\/div>\n<\/div>\n<\/div>\n<p>[\/et_pb_text][\/et_pb_column][\/et_pb_row][\/et_pb_section]<\/p>\n","protected":false},"excerpt":{"rendered":"<p>[et_pb_section fb_built=&#8220;1&#8243; _builder_version=&#8220;4.9.4&#8243; _module_preset=&#8220;default&#8220;][et_pb_row _builder_version=&#8220;4.9.4&#8243; _module_preset=&#8220;default&#8220;][et_pb_column type=&#8220;4_4&#8243; _builder_version=&#8220;4.9.4&#8243; _module_preset=&#8220;default&#8220;][et_pb_text _builder_version=&#8220;4.9.4&#8243; _module_preset=&#8220;default&#8220; hover_enabled=&#8220;0&#8243; header_text_color=&#8220;#89B31C&#8220; sticky_enabled=&#8220;0&#8243;] Impressum Anschrift Vital-Training MaskeG\u00f6ltzschtalstra\u00dfe 2208209 Auerbach\/Vogtland Telefon:\u00a0+49 3744 211830E-Mail:\u00a0info@vital-training-maske.de Inhaltlich Verantwortlicher (gem\u00e4\u00df \u00a7 6 MDStV):Daniel Maske Vertretungsberechtigter Gesch\u00e4ftsf\u00fchrer:Daniel Maske Umsatzsteuer-Identifikationsnummer gem\u00e4\u00df \u00a727 aUmsatzsteuergesetz: 322\/324\/09294 Angaben zur Berufshaftpflichtversicherung: BeantragtGeltungsraum der Versicherung: DeutschlandAufsichtsbeh\u00f6rde: Berufsrechtliche Regelungen:www.bundesrecht.juris.de\/mphg\/BJNR108400994.html(Gesetz \u00fcber die Berufe in der Physiotherapie) undwww.bundesrecht.juris.de\/bundesrecht\/heilmwerbg\/gesamt.pdf(Heilmittelwerbegesetz) Rechtlicher [&hellip;]<\/p>\n","protected":false},"author":1,"featured_media":0,"parent":0,"menu_order":0,"comment_status":"closed","ping_status":"closed","template":"","meta":{"_et_pb_use_builder":"on","_et_pb_old_content":"","_et_gb_content_width":"","footnotes":""},"yoast_head":"<!-- This site is optimized with the Yoast SEO plugin v22.3 - https:\/\/yoast.com\/wordpress\/plugins\/seo\/ -->\n<title>Impressum - Vital-Training Maske<\/title>\n<meta name=\"robots\" content=\"index, follow, max-snippet:-1, max-image-preview:large, max-video-preview:-1\" \/>\n<link rel=\"canonical\" href=\"https:\/\/vital-training-maske.de\/index.php\/impressum\/\" \/>\n<meta property=\"og:locale\" content=\"de_DE\" \/>\n<meta property=\"og:type\" content=\"article\" \/>\n<meta property=\"og:title\" content=\"Impressum - Vital-Training Maske\" \/>\n<meta property=\"og:description\" content=\"[et_pb_section fb_built=&#8220;1&#8243; _builder_version=&#8220;4.9.4&#8243; _module_preset=&#8220;default&#8220;][et_pb_row _builder_version=&#8220;4.9.4&#8243; _module_preset=&#8220;default&#8220;][et_pb_column type=&#8220;4_4&#8243; _builder_version=&#8220;4.9.4&#8243; _module_preset=&#8220;default&#8220;][et_pb_text _builder_version=&#8220;4.9.4&#8243; _module_preset=&#8220;default&#8220; hover_enabled=&#8220;0&#8243; header_text_color=&#8220;#89B31C&#8220; sticky_enabled=&#8220;0&#8243;] Impressum Anschrift Vital-Training MaskeG\u00f6ltzschtalstra\u00dfe 2208209 Auerbach\/Vogtland Telefon:\u00a0+49 3744 211830E-Mail:\u00a0info@vital-training-maske.de Inhaltlich Verantwortlicher (gem\u00e4\u00df \u00a7 6 MDStV):Daniel Maske Vertretungsberechtigter Gesch\u00e4ftsf\u00fchrer:Daniel Maske Umsatzsteuer-Identifikationsnummer gem\u00e4\u00df \u00a727 aUmsatzsteuergesetz: 322\/324\/09294 Angaben zur Berufshaftpflichtversicherung: BeantragtGeltungsraum der Versicherung: DeutschlandAufsichtsbeh\u00f6rde: Berufsrechtliche Regelungen:www.bundesrecht.juris.de\/mphg\/BJNR108400994.html(Gesetz \u00fcber die Berufe in der Physiotherapie) undwww.bundesrecht.juris.de\/bundesrecht\/heilmwerbg\/gesamt.pdf(Heilmittelwerbegesetz) Rechtlicher [&hellip;]\" \/>\n<meta property=\"og:url\" content=\"https:\/\/vital-training-maske.de\/index.php\/impressum\/\" \/>\n<meta property=\"og:site_name\" content=\"Vital-Training Maske\" \/>\n<meta property=\"article:modified_time\" content=\"2021-06-06T16:53:20+00:00\" \/>\n<meta name=\"twitter:card\" content=\"summary_large_image\" \/>\n<script type=\"application\/ld+json\" class=\"yoast-schema-graph\">{\"@context\":\"https:\/\/schema.org\",\"@graph\":[{\"@type\":\"WebPage\",\"@id\":\"https:\/\/vital-training-maske.de\/index.php\/impressum\/\",\"url\":\"https:\/\/vital-training-maske.de\/index.php\/impressum\/\",\"name\":\"Impressum - Vital-Training Maske\",\"isPartOf\":{\"@id\":\"https:\/\/vital-training-maske.de\/#website\"},\"datePublished\":\"2021-06-06T16:44:23+00:00\",\"dateModified\":\"2021-06-06T16:53:20+00:00\",\"breadcrumb\":{\"@id\":\"https:\/\/vital-training-maske.de\/index.php\/impressum\/#breadcrumb\"},\"inLanguage\":\"de\",\"potentialAction\":[{\"@type\":\"ReadAction\",\"target\":[\"https:\/\/vital-training-maske.de\/index.php\/impressum\/\"]}]},{\"@type\":\"BreadcrumbList\",\"@id\":\"https:\/\/vital-training-maske.de\/index.php\/impressum\/#breadcrumb\",\"itemListElement\":[{\"@type\":\"ListItem\",\"position\":1,\"name\":\"Startseite\",\"item\":\"https:\/\/vital-training-maske.de\/\"},{\"@type\":\"ListItem\",\"position\":2,\"name\":\"Impressum\"}]},{\"@type\":\"WebSite\",\"@id\":\"https:\/\/vital-training-maske.de\/#website\",\"url\":\"https:\/\/vital-training-maske.de\/\",\"name\":\"Vital-Training Maske\",\"description\":\"Ihr zuverl\u00e4ssiger Partner in Sachen Physiotherapie, Gesundheitstraining und Rehabilitationssport. In Aucherbach\/ Vogtland\",\"potentialAction\":[{\"@type\":\"SearchAction\",\"target\":{\"@type\":\"EntryPoint\",\"urlTemplate\":\"https:\/\/vital-training-maske.de\/?s={search_term_string}\"},\"query-input\":\"required name=search_term_string\"}],\"inLanguage\":\"de\"}]}<\/script>\n<!-- \/ Yoast SEO plugin. -->","yoast_head_json":{"title":"Impressum - Vital-Training Maske","robots":{"index":"index","follow":"follow","max-snippet":"max-snippet:-1","max-image-preview":"max-image-preview:large","max-video-preview":"max-video-preview:-1"},"canonical":"https:\/\/vital-training-maske.de\/index.php\/impressum\/","og_locale":"de_DE","og_type":"article","og_title":"Impressum - Vital-Training Maske","og_description":"[et_pb_section fb_built=&#8220;1&#8243; _builder_version=&#8220;4.9.4&#8243; _module_preset=&#8220;default&#8220;][et_pb_row _builder_version=&#8220;4.9.4&#8243; _module_preset=&#8220;default&#8220;][et_pb_column type=&#8220;4_4&#8243; _builder_version=&#8220;4.9.4&#8243; _module_preset=&#8220;default&#8220;][et_pb_text _builder_version=&#8220;4.9.4&#8243; _module_preset=&#8220;default&#8220; hover_enabled=&#8220;0&#8243; header_text_color=&#8220;#89B31C&#8220; sticky_enabled=&#8220;0&#8243;] Impressum Anschrift Vital-Training MaskeG\u00f6ltzschtalstra\u00dfe 2208209 Auerbach\/Vogtland Telefon:\u00a0+49 3744 211830E-Mail:\u00a0info@vital-training-maske.de Inhaltlich Verantwortlicher (gem\u00e4\u00df \u00a7 6 MDStV):Daniel Maske Vertretungsberechtigter Gesch\u00e4ftsf\u00fchrer:Daniel Maske Umsatzsteuer-Identifikationsnummer gem\u00e4\u00df \u00a727 aUmsatzsteuergesetz: 322\/324\/09294 Angaben zur Berufshaftpflichtversicherung: BeantragtGeltungsraum der Versicherung: DeutschlandAufsichtsbeh\u00f6rde: Berufsrechtliche Regelungen:www.bundesrecht.juris.de\/mphg\/BJNR108400994.html(Gesetz \u00fcber die Berufe in der Physiotherapie) undwww.bundesrecht.juris.de\/bundesrecht\/heilmwerbg\/gesamt.pdf(Heilmittelwerbegesetz) Rechtlicher [&hellip;]","og_url":"https:\/\/vital-training-maske.de\/index.php\/impressum\/","og_site_name":"Vital-Training Maske","article_modified_time":"2021-06-06T16:53:20+00:00","twitter_card":"summary_large_image","schema":{"@context":"https:\/\/schema.org","@graph":[{"@type":"WebPage","@id":"https:\/\/vital-training-maske.de\/index.php\/impressum\/","url":"https:\/\/vital-training-maske.de\/index.php\/impressum\/","name":"Impressum - Vital-Training Maske","isPartOf":{"@id":"https:\/\/vital-training-maske.de\/#website"},"datePublished":"2021-06-06T16:44:23+00:00","dateModified":"2021-06-06T16:53:20+00:00","breadcrumb":{"@id":"https:\/\/vital-training-maske.de\/index.php\/impressum\/#breadcrumb"},"inLanguage":"de","potentialAction":[{"@type":"ReadAction","target":["https:\/\/vital-training-maske.de\/index.php\/impressum\/"]}]},{"@type":"BreadcrumbList","@id":"https:\/\/vital-training-maske.de\/index.php\/impressum\/#breadcrumb","itemListElement":[{"@type":"ListItem","position":1,"name":"Startseite","item":"https:\/\/vital-training-maske.de\/"},{"@type":"ListItem","position":2,"name":"Impressum"}]},{"@type":"WebSite","@id":"https:\/\/vital-training-maske.de\/#website","url":"https:\/\/vital-training-maske.de\/","name":"Vital-Training Maske","description":"Ihr zuverl\u00e4ssiger Partner in Sachen Physiotherapie, Gesundheitstraining und Rehabilitationssport. In Aucherbach\/ Vogtland","potentialAction":[{"@type":"SearchAction","target":{"@type":"EntryPoint","urlTemplate":"https:\/\/vital-training-maske.de\/?s={search_term_string}"},"query-input":"required name=search_term_string"}],"inLanguage":"de"}]}},"_links":{"self":[{"href":"https:\/\/vital-training-maske.de\/index.php\/wp-json\/wp\/v2\/pages\/221"}],"collection":[{"href":"https:\/\/vital-training-maske.de\/index.php\/wp-json\/wp\/v2\/pages"}],"about":[{"href":"https:\/\/vital-training-maske.de\/index.php\/wp-json\/wp\/v2\/types\/page"}],"author":[{"embeddable":true,"href":"https:\/\/vital-training-maske.de\/index.php\/wp-json\/wp\/v2\/users\/1"}],"replies":[{"embeddable":true,"href":"https:\/\/vital-training-maske.de\/index.php\/wp-json\/wp\/v2\/comments?post=221"}],"version-history":[{"count":4,"href":"https:\/\/vital-training-maske.de\/index.php\/wp-json\/wp\/v2\/pages\/221\/revisions"}],"predecessor-version":[{"id":236,"href":"https:\/\/vital-training-maske.de\/index.php\/wp-json\/wp\/v2\/pages\/221\/revisions\/236"}],"wp:attachment":[{"href":"https:\/\/vital-training-maske.de\/index.php\/wp-json\/wp\/v2\/media?parent=221"}],"curies":[{"name":"wp","href":"https:\/\/api.w.org\/{rel}","templated":true}]}}